{"id":10,"date":"2017-09-14T09:34:53","date_gmt":"2017-09-14T09:34:53","guid":{"rendered":"https:\/\/dynamicprojectadvisory.com\/french\/?page_id=10"},"modified":"2019-08-12T11:39:04","modified_gmt":"2019-08-12T11:39:04","slug":"services","status":"publish","type":"page","link":"https:\/\/dynamicprojectadvisory.com\/french\/services\/","title":{"rendered":"Services"},"content":{"rendered":"<div class=\"inner_banner\"><img decoding=\"async\" src=\"https:\/\/dynamicprojectadvisory.com\/french\/wp-content\/uploads\/2017\/09\/inner_banner.jpg\" \/><\/div>\n<div class=\"container\">\n<div class=\"about_page_content\">Que ce soient pour vos taxes personnelles ou pour votre entreprise, D.P.A fourni des services personalisees adaptes a vos besoins<\/div>\n<div class=\"row\">\n<div class=\"col-md-7 col-sm-6 service_left\">\n<h1 class=\"service_page_heading\">LES SERVICES COMPTABLES POUR PERSONNE PHISIQUE<\/h1>\n<div class=\"about_page_content\">Que vous soyez resident aux UK ou non, choisir son conseiller fiscal est un engagement pour un long moment, raison pour laquelle nous vous offrons le meilleur service taillee a votre mesure.<\/div>\n<div class=\"service_subheading\">LA TAXE POUR PERSONNE PHYSIQUE:<\/div>\n<div class=\"about_page_content\">Nous nous occupons d\u2019etre le pont entre vous et les services fiscaux locaux. Nous<br \/>\ntraitons toutes sortes de questions fiscales.<\/div>\n<div class=\"service_subheading\">LA TAXE D\u2019AUTO EVALUATION:<\/div>\n<div class=\"about_page_content\">C\u2019est une declaration annuelle que soumet le directeur de la compagnie. Notre service fiscal travail en collaboration avec les clients afin de leur procurer les informations necessaires a leur soumission. Vos declarations de taxes personnelles sont manages avec precaution, avec le respect des dates limites afin de vous eviter des penalites. Pour les non habitants aux UK, nous travaillons afin de leur fournir le mises a<br \/>\njour a propos des nouvelles loies fiscales locales.\n<\/div>\n<\/div>\n<div class=\"col-md-5 col-sm-6 service_page_image\"><img decoding=\"async\" src=\"https:\/\/dynamicprojectadvisory.com\/french\/wp-content\/uploads\/2017\/09\/service1.jpg\" \/><\/div>\n<\/div>\n<\/div>\n<div class=\"service_mid_section\">\n<div class=\"container\">\n<div class=\"row\">\n<div class=\"col-md-5 col-sm-6 service_page_image\"><img decoding=\"async\" src=\"https:\/\/dynamicprojectadvisory.com\/french\/wp-content\/uploads\/2017\/09\/service2.jpg\" \/><\/div>\n<div class=\"col-md-7 col-sm-6 service_left\">\n<div class=\"service_page_heading\">LES SERVICES COMPTABLES POUR ENTREPRISES<\/div>\n<div class=\"service_subheading\">CREATION DE NOUVELLE COMPAGNIE:<\/div>\n<div class=\"about_page_content\">Nous creons de Limited ou LLP (Limited Liability Partnership) en fonction de votre<br \/>\ndesire. Nous nous assurons que votre nouvelle entite est enregistree aupres des autorites fiscales locales.<\/div>\n<div class=\"service_subheading\">COMPTABILITE:<\/div>\n<div class=\"about_page_content\">Les services comptables sont soit mensuels, trimestriels ou annuels, pour un suivi<br \/>\nefficace de l\u2019activite de votre compagnie.<\/div>\n<div class=\"service_subheading\">SERVICES DE FICHES DE PAIES:<\/div>\n<div class=\"about_page_content\">De l\u2019amont a l\u2019aval du processus, notre equipe fiscale s\u2019assure que toutes les regles<br \/>\nfiscales sont respectees. Nous produisons des fiche de paies hebdomadaire, ou mensuelles, et notifions aux clients le<br \/>\nmontant des charges a payer.<\/div>\n<div class=\"service_subheading\">Declaration TVA:<\/div>\n<div class=\"about_page_content\">SI votre compagnie n\u2019a pas de num\u00e9ro de tva, nos experts en fiscalit\u00e9 peuvent vous<br \/>\naider \u00e0 obtenir le v\u00f4tre.<\/p>\n<p>Pour les compagnies qui ont un num\u00e9ro de TVA, nous vous offrons un service de d\u00e9claration soit mensuel, trimestriel ou annuel en fonction de vos besoins notifions aux clients le montant des charges a payer, ou a etre rembourse.\n<\/p><\/div>\n<div class=\"service_subheading\">Comptabilite Annuelle:<\/div>\n<div class=\"about_page_content\">Nous savons que votre priorit\u00e9 c\u2019est le succ\u00e8s dans le d\u00e9veloppement de votre compagnie. Par cons\u00e9quent, nous prenons en compte tout le processus de l\u2019\u00e9tablissement des comptes annuels du<br \/>\nd\u00e9but \u00e0 la fin de votre ann\u00e9e fiscale.<\/div>\n<\/div>\n<\/div>\n<\/div>\n<\/div>\n<div class=\"container\">\n<div class=\"row\">\n<div class=\"col-md-7 col-sm-6 service_left\">\n<div class=\"service_page_heading\">SOLUTIONS POUR COMPAGNIE<\/div>\n<div class=\"service_subheading\">COMPTE BANCAIRES:<\/div>\n<div class=\"about_page_content\">Nous travaillons en etroite collaboration avec les banks tells que le HSBC et<br \/>\nMetrobank.<br \/>\nNos clients ont l\u2019avantage de profiter de notre partenariat avec les banques pour l\u2019ouverture des \u201cBusiness Bank Account\u201d, en depit du fait qu\u2019ils habitant a l\u2019etranger ou pas.<br \/>\nPour les clients Francais, si besoin, nous les assistons durant leur entretien, et servons de traducteur Durant l\u2019entretien avec le conseiller bancaire.<\/div>\n<div class=\"service_subheading\">ADDRESSE DE DOMICILIATION:<\/div>\n<div class=\"about_page_content\">Nous offrons des addresses pour les compagnies qui en ont besoin.<br \/>\nNos bureaux sont essentiellement basees a Londres.\n<\/div>\n<\/div>\n<div class=\"col-md-5 col-sm-6 service_page_image\"><img decoding=\"async\" src=\"https:\/\/dynamicprojectadvisory.com\/french\/wp-content\/uploads\/2017\/09\/service3.jpg\" \/><\/div>\n<\/div>\n<\/div>\n","protected":false},"excerpt":{"rendered":"<p>Que ce soient pour vos taxes personnelles ou pour votre entreprise, D.P.A fourni des services personalisees adaptes a vos besoins LES SERVICES COMPTABLES POUR PERSONNE PHISIQUE Que vous soyez resident aux UK ou non, choisir son conseiller fiscal est un engagement pour un long moment, raison pour laquelle nous vous offrons le meilleur service taillee &hellip; <a href=\"https:\/\/dynamicprojectadvisory.com\/french\/services\/\" class=\"more-link\">Continue reading <span class=\"screen-reader-text\">Services<\/span> <span class=\"meta-nav\">&rarr;<\/span><\/a><\/p>\n","protected":false},"author":1,"featured_media":0,"parent":0,"menu_order":0,"comment_status":"closed","ping_status":"closed","template":"page-templates\/full-width.php","meta":{"footnotes":""},"yoast_head":"<!-- This site is optimized with the Yoast SEO plugin v23.5 - https:\/\/yoast.com\/wordpress\/plugins\/seo\/ -->\n<title>Services - Dynamic Project Advisory<\/title>\n<meta name=\"robots\" content=\"index, follow, max-snippet:-1, max-image-preview:large, max-video-preview:-1\" \/>\n<link rel=\"canonical\" href=\"https:\/\/dynamicprojectadvisory.com\/french\/services\/\" \/>\n<meta property=\"og:locale\" content=\"en_US\" \/>\n<meta property=\"og:type\" content=\"article\" \/>\n<meta property=\"og:title\" content=\"Services - Dynamic Project Advisory\" \/>\n<meta property=\"og:description\" content=\"Que ce soient pour vos taxes personnelles ou pour votre entreprise, D.P.A fourni des services personalisees adaptes a vos besoins LES SERVICES COMPTABLES POUR PERSONNE PHISIQUE Que vous soyez resident aux UK ou non, choisir son conseiller fiscal est un engagement pour un long moment, raison pour laquelle nous vous offrons le meilleur service taillee &hellip; Continue reading Services &rarr;\" \/>\n<meta property=\"og:url\" content=\"https:\/\/dynamicprojectadvisory.com\/french\/services\/\" \/>\n<meta property=\"og:site_name\" content=\"Dynamic Project Advisory\" \/>\n<meta property=\"article:modified_time\" content=\"2019-08-12T11:39:04+00:00\" \/>\n<meta property=\"og:image\" content=\"https:\/\/dynamicprojectadvisory.com\/french\/wp-content\/uploads\/2017\/09\/inner_banner.jpg\" \/>\n<meta name=\"twitter:card\" content=\"summary_large_image\" \/>\n<meta name=\"twitter:label1\" content=\"Est. reading time\" \/>\n\t<meta name=\"twitter:data1\" content=\"2 minutes\" \/>\n<script type=\"application\/ld+json\" class=\"yoast-schema-graph\">{\"@context\":\"https:\/\/schema.org\",\"@graph\":[{\"@type\":\"WebPage\",\"@id\":\"https:\/\/dynamicprojectadvisory.com\/french\/services\/\",\"url\":\"https:\/\/dynamicprojectadvisory.com\/french\/services\/\",\"name\":\"Services - Dynamic Project Advisory\",\"isPartOf\":{\"@id\":\"https:\/\/dynamicprojectadvisory.com\/french\/#website\"},\"primaryImageOfPage\":{\"@id\":\"https:\/\/dynamicprojectadvisory.com\/french\/services\/#primaryimage\"},\"image\":{\"@id\":\"https:\/\/dynamicprojectadvisory.com\/french\/services\/#primaryimage\"},\"thumbnailUrl\":\"https:\/\/dynamicprojectadvisory.com\/french\/wp-content\/uploads\/2017\/09\/inner_banner.jpg\",\"datePublished\":\"2017-09-14T09:34:53+00:00\",\"dateModified\":\"2019-08-12T11:39:04+00:00\",\"breadcrumb\":{\"@id\":\"https:\/\/dynamicprojectadvisory.com\/french\/services\/#breadcrumb\"},\"inLanguage\":\"en-US\",\"potentialAction\":[{\"@type\":\"ReadAction\",\"target\":[\"https:\/\/dynamicprojectadvisory.com\/french\/services\/\"]}]},{\"@type\":\"ImageObject\",\"inLanguage\":\"en-US\",\"@id\":\"https:\/\/dynamicprojectadvisory.com\/french\/services\/#primaryimage\",\"url\":\"https:\/\/dynamicprojectadvisory.com\/french\/wp-content\/uploads\/2017\/09\/inner_banner.jpg\",\"contentUrl\":\"https:\/\/dynamicprojectadvisory.com\/french\/wp-content\/uploads\/2017\/09\/inner_banner.jpg\",\"width\":1366,\"height\":326},{\"@type\":\"BreadcrumbList\",\"@id\":\"https:\/\/dynamicprojectadvisory.com\/french\/services\/#breadcrumb\",\"itemListElement\":[{\"@type\":\"ListItem\",\"position\":1,\"name\":\"Home\",\"item\":\"https:\/\/dynamicprojectadvisory.com\/french\/\"},{\"@type\":\"ListItem\",\"position\":2,\"name\":\"Services\"}]},{\"@type\":\"WebSite\",\"@id\":\"https:\/\/dynamicprojectadvisory.com\/french\/#website\",\"url\":\"https:\/\/dynamicprojectadvisory.com\/french\/\",\"name\":\"Dynamic Project Advisory\",\"description\":\"\",\"potentialAction\":[{\"@type\":\"SearchAction\",\"target\":{\"@type\":\"EntryPoint\",\"urlTemplate\":\"https:\/\/dynamicprojectadvisory.com\/french\/?s={search_term_string}\"},\"query-input\":{\"@type\":\"PropertyValueSpecification\",\"valueRequired\":true,\"valueName\":\"search_term_string\"}}],\"inLanguage\":\"en-US\"}]}<\/script>\n<!-- \/ Yoast SEO plugin. -->","yoast_head_json":{"title":"Services - Dynamic Project Advisory","robots":{"index":"index","follow":"follow","max-snippet":"max-snippet:-1","max-image-preview":"max-image-preview:large","max-video-preview":"max-video-preview:-1"},"canonical":"https:\/\/dynamicprojectadvisory.com\/french\/services\/","og_locale":"en_US","og_type":"article","og_title":"Services - Dynamic Project Advisory","og_description":"Que ce soient pour vos taxes personnelles ou pour votre entreprise, D.P.A fourni des services personalisees adaptes a vos besoins LES SERVICES COMPTABLES POUR PERSONNE PHISIQUE Que vous soyez resident aux UK ou non, choisir son conseiller fiscal est un engagement pour un long moment, raison pour laquelle nous vous offrons le meilleur service taillee &hellip; Continue reading Services &rarr;","og_url":"https:\/\/dynamicprojectadvisory.com\/french\/services\/","og_site_name":"Dynamic Project Advisory","article_modified_time":"2019-08-12T11:39:04+00:00","og_image":[{"url":"https:\/\/dynamicprojectadvisory.com\/french\/wp-content\/uploads\/2017\/09\/inner_banner.jpg"}],"twitter_card":"summary_large_image","twitter_misc":{"Est. reading time":"2 minutes"},"schema":{"@context":"https:\/\/schema.org","@graph":[{"@type":"WebPage","@id":"https:\/\/dynamicprojectadvisory.com\/french\/services\/","url":"https:\/\/dynamicprojectadvisory.com\/french\/services\/","name":"Services - Dynamic Project Advisory","isPartOf":{"@id":"https:\/\/dynamicprojectadvisory.com\/french\/#website"},"primaryImageOfPage":{"@id":"https:\/\/dynamicprojectadvisory.com\/french\/services\/#primaryimage"},"image":{"@id":"https:\/\/dynamicprojectadvisory.com\/french\/services\/#primaryimage"},"thumbnailUrl":"https:\/\/dynamicprojectadvisory.com\/french\/wp-content\/uploads\/2017\/09\/inner_banner.jpg","datePublished":"2017-09-14T09:34:53+00:00","dateModified":"2019-08-12T11:39:04+00:00","breadcrumb":{"@id":"https:\/\/dynamicprojectadvisory.com\/french\/services\/#breadcrumb"},"inLanguage":"en-US","potentialAction":[{"@type":"ReadAction","target":["https:\/\/dynamicprojectadvisory.com\/french\/services\/"]}]},{"@type":"ImageObject","inLanguage":"en-US","@id":"https:\/\/dynamicprojectadvisory.com\/french\/services\/#primaryimage","url":"https:\/\/dynamicprojectadvisory.com\/french\/wp-content\/uploads\/2017\/09\/inner_banner.jpg","contentUrl":"https:\/\/dynamicprojectadvisory.com\/french\/wp-content\/uploads\/2017\/09\/inner_banner.jpg","width":1366,"height":326},{"@type":"BreadcrumbList","@id":"https:\/\/dynamicprojectadvisory.com\/french\/services\/#breadcrumb","itemListElement":[{"@type":"ListItem","position":1,"name":"Home","item":"https:\/\/dynamicprojectadvisory.com\/french\/"},{"@type":"ListItem","position":2,"name":"Services"}]},{"@type":"WebSite","@id":"https:\/\/dynamicprojectadvisory.com\/french\/#website","url":"https:\/\/dynamicprojectadvisory.com\/french\/","name":"Dynamic Project Advisory","description":"","potentialAction":[{"@type":"SearchAction","target":{"@type":"EntryPoint","urlTemplate":"https:\/\/dynamicprojectadvisory.com\/french\/?s={search_term_string}"},"query-input":{"@type":"PropertyValueSpecification","valueRequired":true,"valueName":"search_term_string"}}],"inLanguage":"en-US"}]}},"_links":{"self":[{"href":"https:\/\/dynamicprojectadvisory.com\/french\/wp-json\/wp\/v2\/pages\/10"}],"collection":[{"href":"https:\/\/dynamicprojectadvisory.com\/french\/wp-json\/wp\/v2\/pages"}],"about":[{"href":"https:\/\/dynamicprojectadvisory.com\/french\/wp-json\/wp\/v2\/types\/page"}],"author":[{"embeddable":true,"href":"https:\/\/dynamicprojectadvisory.com\/french\/wp-json\/wp\/v2\/users\/1"}],"replies":[{"embeddable":true,"href":"https:\/\/dynamicprojectadvisory.com\/french\/wp-json\/wp\/v2\/comments?post=10"}],"version-history":[{"count":16,"href":"https:\/\/dynamicprojectadvisory.com\/french\/wp-json\/wp\/v2\/pages\/10\/revisions"}],"predecessor-version":[{"id":81,"href":"https:\/\/dynamicprojectadvisory.com\/french\/wp-json\/wp\/v2\/pages\/10\/revisions\/81"}],"wp:attachment":[{"href":"https:\/\/dynamicprojectadvisory.com\/french\/wp-json\/wp\/v2\/media?parent=10"}],"curies":[{"name":"wp","href":"https:\/\/api.w.org\/{rel}","templated":true}]}}