{"id":5,"date":"2017-09-14T09:34:02","date_gmt":"2017-09-14T09:34:02","guid":{"rendered":"https:\/\/dynamicprojectadvisory.com\/french\/?page_id=5"},"modified":"2019-02-04T12:36:12","modified_gmt":"2019-02-04T12:36:12","slug":"home","status":"publish","type":"page","link":"https:\/\/dynamicprojectadvisory.com\/french\/","title":{"rendered":"Accueil"},"content":{"rendered":"","protected":false},"excerpt":{"rendered":"","protected":false},"author":1,"featured_media":0,"parent":0,"menu_order":0,"comment_status":"closed","ping_status":"closed","template":"content-home.php","meta":{"footnotes":""},"yoast_head":"<!-- This site is optimized with the Yoast SEO plugin v23.5 - https:\/\/yoast.com\/wordpress\/plugins\/seo\/ -->\n<title>Experts Fiables Qualifi\u00e9s Comptables \u00e0 Quai Canary,Oxford Circus, Londres<\/title>\n<meta name=\"description\" content=\"Nous sommes une \u00e9quipe bilingue fran\u00e7ais-anglais d&#039;Experts Comptables \u00e0 St Pancras, Quai Canary,Oxford Circus,Liverpool Street,Londres Bank, Canary Wharf, King&#039;s cross St Pancras, Londres avec plus de 15 ans d&#039;exp\u00e9rience en comptabilit\u00e9, feuilles de paie. Appelez 00442037120143.\" \/>\n<meta name=\"robots\" content=\"index, follow, max-snippet:-1, max-image-preview:large, max-video-preview:-1\" \/>\n<link rel=\"canonical\" href=\"https:\/\/dynamicprojectadvisory.com\/french\/\" \/>\n<meta property=\"og:locale\" content=\"en_US\" \/>\n<meta property=\"og:type\" content=\"article\" \/>\n<meta property=\"og:title\" content=\"Experts Fiables Qualifi\u00e9s Comptables \u00e0 Quai Canary,Oxford Circus, Londres\" \/>\n<meta property=\"og:description\" content=\"Nous sommes une \u00e9quipe bilingue fran\u00e7ais-anglais d&#039;Experts Comptables \u00e0 St Pancras, Quai Canary,Oxford Circus,Liverpool Street,Londres Bank, Canary Wharf, King&#039;s cross St Pancras, Londres avec plus de 15 ans d&#039;exp\u00e9rience en comptabilit\u00e9, feuilles de paie. Appelez 00442037120143.\" \/>\n<meta property=\"og:url\" content=\"https:\/\/dynamicprojectadvisory.com\/french\/\" \/>\n<meta property=\"og:site_name\" content=\"Dynamic Project Advisory\" \/>\n<meta property=\"article:modified_time\" content=\"2019-02-04T12:36:12+00:00\" \/>\n<meta name=\"twitter:card\" content=\"summary_large_image\" \/>\n<script type=\"application\/ld+json\" class=\"yoast-schema-graph\">{\"@context\":\"https:\/\/schema.org\",\"@graph\":[{\"@type\":\"WebPage\",\"@id\":\"https:\/\/dynamicprojectadvisory.com\/french\/\",\"url\":\"https:\/\/dynamicprojectadvisory.com\/french\/\",\"name\":\"Experts Fiables Qualifi\u00e9s Comptables \u00e0 Quai Canary,Oxford Circus, Londres\",\"isPartOf\":{\"@id\":\"https:\/\/dynamicprojectadvisory.com\/french\/#website\"},\"datePublished\":\"2017-09-14T09:34:02+00:00\",\"dateModified\":\"2019-02-04T12:36:12+00:00\",\"description\":\"Nous sommes une \u00e9quipe bilingue fran\u00e7ais-anglais d'Experts Comptables \u00e0 St Pancras, Quai Canary,Oxford Circus,Liverpool Street,Londres Bank, Canary Wharf, King's cross St Pancras, Londres avec plus de 15 ans d'exp\u00e9rience en comptabilit\u00e9, feuilles de paie. Appelez 00442037120143.\",\"breadcrumb\":{\"@id\":\"https:\/\/dynamicprojectadvisory.com\/french\/#breadcrumb\"},\"inLanguage\":\"en-US\",\"potentialAction\":[{\"@type\":\"ReadAction\",\"target\":[\"https:\/\/dynamicprojectadvisory.com\/french\/\"]}]},{\"@type\":\"BreadcrumbList\",\"@id\":\"https:\/\/dynamicprojectadvisory.com\/french\/#breadcrumb\",\"itemListElement\":[{\"@type\":\"ListItem\",\"position\":1,\"name\":\"Home\",\"item\":\"https:\/\/dynamicprojectadvisory.com\/french\/\"},{\"@type\":\"ListItem\",\"position\":2,\"name\":\"Accueil\"}]},{\"@type\":\"WebSite\",\"@id\":\"https:\/\/dynamicprojectadvisory.com\/french\/#website\",\"url\":\"https:\/\/dynamicprojectadvisory.com\/french\/\",\"name\":\"Dynamic Project Advisory\",\"description\":\"\",\"potentialAction\":[{\"@type\":\"SearchAction\",\"target\":{\"@type\":\"EntryPoint\",\"urlTemplate\":\"https:\/\/dynamicprojectadvisory.com\/french\/?s={search_term_string}\"},\"query-input\":{\"@type\":\"PropertyValueSpecification\",\"valueRequired\":true,\"valueName\":\"search_term_string\"}}],\"inLanguage\":\"en-US\"}]}<\/script>\n<!-- \/ Yoast SEO plugin. -->","yoast_head_json":{"title":"Experts Fiables Qualifi\u00e9s Comptables \u00e0 Quai Canary,Oxford Circus, Londres","description":"Nous sommes une \u00e9quipe bilingue fran\u00e7ais-anglais d'Experts Comptables \u00e0 St Pancras, Quai Canary,Oxford Circus,Liverpool Street,Londres Bank, Canary Wharf, King's cross St Pancras, Londres avec plus de 15 ans d'exp\u00e9rience en comptabilit\u00e9, feuilles de paie. Appelez 00442037120143.","robots":{"index":"index","follow":"follow","max-snippet":"max-snippet:-1","max-image-preview":"max-image-preview:large","max-video-preview":"max-video-preview:-1"},"canonical":"https:\/\/dynamicprojectadvisory.com\/french\/","og_locale":"en_US","og_type":"article","og_title":"Experts Fiables Qualifi\u00e9s Comptables \u00e0 Quai Canary,Oxford Circus, Londres","og_description":"Nous sommes une \u00e9quipe bilingue fran\u00e7ais-anglais d'Experts Comptables \u00e0 St Pancras, Quai Canary,Oxford Circus,Liverpool Street,Londres Bank, Canary Wharf, King's cross St Pancras, Londres avec plus de 15 ans d'exp\u00e9rience en comptabilit\u00e9, feuilles de paie. Appelez 00442037120143.","og_url":"https:\/\/dynamicprojectadvisory.com\/french\/","og_site_name":"Dynamic Project Advisory","article_modified_time":"2019-02-04T12:36:12+00:00","twitter_card":"summary_large_image","schema":{"@context":"https:\/\/schema.org","@graph":[{"@type":"WebPage","@id":"https:\/\/dynamicprojectadvisory.com\/french\/","url":"https:\/\/dynamicprojectadvisory.com\/french\/","name":"Experts Fiables Qualifi\u00e9s Comptables \u00e0 Quai Canary,Oxford Circus, Londres","isPartOf":{"@id":"https:\/\/dynamicprojectadvisory.com\/french\/#website"},"datePublished":"2017-09-14T09:34:02+00:00","dateModified":"2019-02-04T12:36:12+00:00","description":"Nous sommes une \u00e9quipe bilingue fran\u00e7ais-anglais d'Experts Comptables \u00e0 St Pancras, Quai Canary,Oxford Circus,Liverpool Street,Londres Bank, Canary Wharf, King's cross St Pancras, Londres avec plus de 15 ans d'exp\u00e9rience en comptabilit\u00e9, feuilles de paie. Appelez 00442037120143.","breadcrumb":{"@id":"https:\/\/dynamicprojectadvisory.com\/french\/#breadcrumb"},"inLanguage":"en-US","potentialAction":[{"@type":"ReadAction","target":["https:\/\/dynamicprojectadvisory.com\/french\/"]}]},{"@type":"BreadcrumbList","@id":"https:\/\/dynamicprojectadvisory.com\/french\/#breadcrumb","itemListElement":[{"@type":"ListItem","position":1,"name":"Home","item":"https:\/\/dynamicprojectadvisory.com\/french\/"},{"@type":"ListItem","position":2,"name":"Accueil"}]},{"@type":"WebSite","@id":"https:\/\/dynamicprojectadvisory.com\/french\/#website","url":"https:\/\/dynamicprojectadvisory.com\/french\/","name":"Dynamic Project Advisory","description":"","potentialAction":[{"@type":"SearchAction","target":{"@type":"EntryPoint","urlTemplate":"https:\/\/dynamicprojectadvisory.com\/french\/?s={search_term_string}"},"query-input":{"@type":"PropertyValueSpecification","valueRequired":true,"valueName":"search_term_string"}}],"inLanguage":"en-US"}]}},"_links":{"self":[{"href":"https:\/\/dynamicprojectadvisory.com\/french\/wp-json\/wp\/v2\/pages\/5"}],"collection":[{"href":"https:\/\/dynamicprojectadvisory.com\/french\/wp-json\/wp\/v2\/pages"}],"about":[{"href":"https:\/\/dynamicprojectadvisory.com\/french\/wp-json\/wp\/v2\/types\/page"}],"author":[{"embeddable":true,"href":"https:\/\/dynamicprojectadvisory.com\/french\/wp-json\/wp\/v2\/users\/1"}],"replies":[{"embeddable":true,"href":"https:\/\/dynamicprojectadvisory.com\/french\/wp-json\/wp\/v2\/comments?post=5"}],"version-history":[{"count":2,"href":"https:\/\/dynamicprojectadvisory.com\/french\/wp-json\/wp\/v2\/pages\/5\/revisions"}],"predecessor-version":[{"id":64,"href":"https:\/\/dynamicprojectadvisory.com\/french\/wp-json\/wp\/v2\/pages\/5\/revisions\/64"}],"wp:attachment":[{"href":"https:\/\/dynamicprojectadvisory.com\/french\/wp-json\/wp\/v2\/media?parent=5"}],"curies":[{"name":"wp","href":"https:\/\/api.w.org\/{rel}","templated":true}]}}