{"id":84,"date":"2018-10-02T03:57:35","date_gmt":"2018-10-02T03:57:35","guid":{"rendered":"https:\/\/dynamicprojectadvisory.com\/french\/?page_id=84"},"modified":"2020-08-03T04:08:35","modified_gmt":"2020-08-03T04:08:35","slug":"tenue-de-livre-compte","status":"publish","type":"page","link":"https:\/\/dynamicprojectadvisory.com\/french\/tenue-de-livre-compte\/","title":{"rendered":"Tenue De Livre Compte"},"content":{"rendered":"<div class=\"inner_banner\"><img loading=\"lazy\" decoding=\"async\" class=\"alignnone\" src=\"https:\/\/dynamicprojectadvisory.com\/wp-content\/uploads\/2017\/09\/inner_banner.jpg\" alt=\"Tenue De Livre Compte\" width=\"1366\" height=\"326\" \/><\/div>\n<style>\n.service_new_page_content {<br \/>\tcolor: #000;<br \/>\tfont-family: \"Open Sans\", sans-serif;<br \/>\tfont-size: 15px;<br \/>\tmargin-top: 15px;<br \/>\ttext-align: justify;<br \/>}<br \/>.service_new_page_bottom {<br \/>\tbackground: #ECECEC;<br \/>\tpadding: 50px 0 40px;<br \/>\tmargin-top: 50px;<br \/>}<br \/>#post-76 {<br \/>\tmargin-bottom: 0px !important;<br \/>}<br \/>.service_new_list ul {<br \/>\tpadding: 0;<br \/>\tmargin: 0;<br \/>}<br \/>.service_new_list ul li {<br \/>\tposition: relative;<br \/>\tpadding-left: 24px;<br \/>\tcolor: #000;<br \/>\tfont-family: \"Open Sans\", sans-serif;<br \/>\tfont-size: 15px;<br \/>\tlist-style: none;<br \/>        margin-bottom: 4px;<br \/>}<br \/>.service_new_list ul li:before {<br \/>\tposition: absolute;<br \/>\tcolor: #60be46;<br \/>\tfont-family: 'FontAwesome';<br \/>\tcontent: \"\\f058\";<br \/>\ttop: 0;<br \/>\tleft: 0;<br \/>        font-size: 17px;<br \/>}<br \/><\/style>\n<div class=\"container\">\n<div class=\"row\">\n<div class=\"col-md-7 col-sm-6\">\n<h1 class=\"service_page_heading\">Services De Comptabilit\u00e9 Fiables Londres<\/h1>\n<div class=\"service_new_page_content\">\n<p>Dynamic Project Advisory propose une gamme de services de comptabilit\u00e9 \u00e0 Londres pour votre entreprise. Au fil des ans, nous avons aid\u00e9 avec succ\u00e8s les entreprises &#8211; petites et moyennes &#8211; \u00e0 maintenir un \u00e9quilibre sain de l&#8217;\u00e9tat des finances. Gr\u00e2ce \u00e0 notre expertise et notre exp\u00e9rience dans le domaine, nous offrons \u00e0 nos clients estim\u00e9s une gamme de services li\u00e9s aux finances et \u00e0 la comptabilit\u00e9. Nous vous assurons une solution de gestion financi\u00e8re mise \u00e0 jour pour tous les types d&#8217;entreprises.<\/p>\n<p>Avant d&#8217;embaucher les experts de Dynamic Project Advisory, nous restons fermes sur les voies. Nous vous sugg\u00e9rons de faire une proposition d\u00e9taill\u00e9e sur le type de service que vous souhaitez recevoir.<\/p>\n<p>Nous pensons que ce type de proposition est toujours utile pour expliquer le co\u00fbt de l&#8217;engagement que vous allez avoir pendant que vous optez pour nos services. Apr\u00e8s confirmation, nous mettons \u00e0 votre disposition un professionnel d\u00e9di\u00e9 qui vous aidera dans la gestion financi\u00e8re apr\u00e8s avoir compris les exigences et la nature.<\/p>\n<p>Nos services de comptabilit\u00e9 \u00e0 Londres sont pr\u00e9cis et exacts. Nos professionnels prennent toutes les initiatives possibles qui sont n\u00e9cessaires \u00e0 l&#8217;\u00e9quilibrage de pr\u00e9cision de vos livres de finances. La meilleure chose \u00e0 propos de nos comptables r\u00e9put\u00e9s, fiables et exp\u00e9riment\u00e9s est qu&#8217;ils connaissent l&#8217;exigence et vous demanderont toujours l&#8217;\u00e9tat financier avant la documentation finale.<\/p>\n<p>Nous sommes des professionnels engag\u00e9s qui accordent toujours la priorit\u00e9 \u00e0 la commodit\u00e9 de nos clients estim\u00e9s. Par cons\u00e9quent, nous prenons toutes les dispositions possibles qui sont b\u00e9n\u00e9fiques pour votre entreprise.<\/p>\n<\/div>\n<\/div>\n<div class=\"col-md-5 col-sm-6 service_page_image\"><img decoding=\"async\" src=\"https:\/\/dynamicprojectadvisory.com\/wp-content\/uploads\/2018\/10\/bookkeeping_img1.jpg\" alt=\"Bookkeeping Services London\" \/><\/div>\n<\/div>\n<\/div>\n<div class=\"service_new_page_bottom\">\n<div class=\"container\">\n<div class=\"row\">\n<div class=\"col-md-5 col-sm-6 service_page_image\"><img loading=\"lazy\" decoding=\"async\" class=\"alignnone\" src=\"https:\/\/dynamicprojectadvisory.com\/wp-content\/uploads\/2018\/10\/bookkeeping_img2.jpg\" alt=\"Tenue De Livre Compte\" width=\"600\" height=\"400\" \/><\/div>\n<div class=\"col-md-7 col-sm-6\">\n<h2 class=\"service_page_heading\">Avantages D&#8217;embaucher Des Comptables Professionnels<\/h2>\n<div class=\"service_new_page_content\">\n<p>Pourquoi devriez-vous engager des comptables professionnels? Comment les professionnels de Dynamic Project Advisory vont-ils vous accompagner dans votre gestion financi\u00e8re?<\/p>\n<p>Eh bien, ce sont certaines des requ\u00eates qui hanteront toujours les propri\u00e9taires d&#8217;entreprise. Si vous \u00eates propri\u00e9taire d&#8217;une entreprise et que vous voulez voir qu&#8217;elle prosp\u00e8re, il est recommand\u00e9 d&#8217;avoir l&#8217;assistance professionnelle pour tous vos services de tenue de livres \u00e0 Londres. Voici quelques-uns des avantages associ\u00e9s \u00e0 l&#8217;embauche des professionnels de Dynamic Project Advisory:<\/p>\n<\/div>\n<div class=\"service_new_list\">\n<ul>\n<li>\u00c9valuation de la qualit\u00e9 de la strat\u00e9gie financi\u00e8re de l\u2019entreprise<\/li>\n<li>L&#8217;\u00e9tat des dossiers financiers de l&#8217;entreprise est tenu \u00e0 jour<\/li>\n<li>Contr\u00f4le sain de la gestion des d\u00e9bits et des cr\u00e9dits<\/li>\n<li>Mise en \u0153uvre correcte et judicieuse des ressources disponibles<\/li>\n<li>Organisation et planification des strat\u00e9gies commerciales en fonction des profits et pertes<\/li>\n<li>Capacit\u00e9 \u00e0 d\u00e9velopper l&#8217;entreprise dans le futur r\u00e9f\u00e9rence<\/li>\n<\/ul>\n<\/div>\n<div class=\"service_new_page_content\">\n<p>Un comptable de qualit\u00e9, fiable et budg\u00e9tis\u00e9 est une aubaine pour toute organisation. Nous vous offrons les meilleurs services et nous assurons que votre entreprise reste \u00e0 jour en termes de financement.<\/p>\n<p>Nous sommes l\u2019\u00e9quipe de comptables professionnels, accr\u00e9dit\u00e9s, fiables et diligents qui s&#8217;occupent de tous les dossiers de votre entreprise de la meilleure fa\u00e7on possible. Contactez-nous pour les meilleurs services.<\/p>\n<\/div>\n<\/div>\n<\/div>\n<\/div>\n<\/div>\n","protected":false},"excerpt":{"rendered":"<p>Services De Comptabilit\u00e9 Fiables Londres Dynamic Project Advisory propose une gamme de services de comptabilit\u00e9 \u00e0 Londres pour votre entreprise. Au fil des ans, nous avons aid\u00e9 avec succ\u00e8s les entreprises &#8211; petites et moyennes &#8211; \u00e0 maintenir un \u00e9quilibre sain de l&#8217;\u00e9tat des finances. Gr\u00e2ce \u00e0 notre expertise et notre exp\u00e9rience dans le domaine, &hellip; <a href=\"https:\/\/dynamicprojectadvisory.com\/french\/tenue-de-livre-compte\/\" class=\"more-link\">Continue reading <span class=\"screen-reader-text\">Tenue De Livre Compte<\/span> <span class=\"meta-nav\">&rarr;<\/span><\/a><\/p>\n","protected":false},"author":1,"featured_media":0,"parent":0,"menu_order":0,"comment_status":"closed","ping_status":"closed","template":"page-templates\/full-width.php","meta":{"footnotes":""},"yoast_head":"<!-- This site is optimized with the Yoast SEO plugin v23.5 - https:\/\/yoast.com\/wordpress\/plugins\/seo\/ -->\n<title>Tenue De Livres Londres, Oxford Circus | Dynamic Project Advisory Ltd<\/title>\n<meta name=\"description\" content=\"\u00cates-vous \u00e0 la recherche d&#039;un service de comptabilit\u00e9 de Londres et d&#039;Oxford Circus, Dynamic Project Advisory fournit des services de comptabilit\u00e9 de confiance \u00e0 un prix raisonnable.\" \/>\n<meta name=\"robots\" content=\"index, follow, max-snippet:-1, max-image-preview:large, max-video-preview:-1\" \/>\n<link rel=\"canonical\" href=\"https:\/\/dynamicprojectadvisory.com\/french\/tenue-de-livre-compte\/\" \/>\n<meta property=\"og:locale\" content=\"en_US\" \/>\n<meta property=\"og:type\" content=\"article\" \/>\n<meta property=\"og:title\" content=\"Tenue De Livres Londres, Oxford Circus | Dynamic Project Advisory Ltd\" \/>\n<meta property=\"og:description\" content=\"\u00cates-vous \u00e0 la recherche d&#039;un service de comptabilit\u00e9 de Londres et d&#039;Oxford Circus, Dynamic Project Advisory fournit des services de comptabilit\u00e9 de confiance \u00e0 un prix raisonnable.\" \/>\n<meta property=\"og:url\" content=\"https:\/\/dynamicprojectadvisory.com\/french\/tenue-de-livre-compte\/\" \/>\n<meta property=\"og:site_name\" content=\"Dynamic Project Advisory\" \/>\n<meta property=\"article:modified_time\" content=\"2020-08-03T04:08:35+00:00\" \/>\n<meta property=\"og:image\" content=\"https:\/\/dynamicprojectadvisory.com\/wp-content\/uploads\/2017\/09\/inner_banner.jpg\" \/>\n<meta name=\"twitter:card\" content=\"summary_large_image\" \/>\n<meta name=\"twitter:label1\" content=\"Est. reading time\" \/>\n\t<meta name=\"twitter:data1\" content=\"2 minutes\" \/>\n<script type=\"application\/ld+json\" class=\"yoast-schema-graph\">{\"@context\":\"https:\/\/schema.org\",\"@graph\":[{\"@type\":\"WebPage\",\"@id\":\"https:\/\/dynamicprojectadvisory.com\/french\/tenue-de-livre-compte\/\",\"url\":\"https:\/\/dynamicprojectadvisory.com\/french\/tenue-de-livre-compte\/\",\"name\":\"Tenue De Livres Londres, Oxford Circus | Dynamic Project Advisory Ltd\",\"isPartOf\":{\"@id\":\"https:\/\/dynamicprojectadvisory.com\/french\/#website\"},\"primaryImageOfPage\":{\"@id\":\"https:\/\/dynamicprojectadvisory.com\/french\/tenue-de-livre-compte\/#primaryimage\"},\"image\":{\"@id\":\"https:\/\/dynamicprojectadvisory.com\/french\/tenue-de-livre-compte\/#primaryimage\"},\"thumbnailUrl\":\"https:\/\/dynamicprojectadvisory.com\/wp-content\/uploads\/2017\/09\/inner_banner.jpg\",\"datePublished\":\"2018-10-02T03:57:35+00:00\",\"dateModified\":\"2020-08-03T04:08:35+00:00\",\"description\":\"\u00cates-vous \u00e0 la recherche d'un service de comptabilit\u00e9 de Londres et d'Oxford Circus, Dynamic Project Advisory fournit des services de comptabilit\u00e9 de confiance \u00e0 un prix raisonnable.\",\"breadcrumb\":{\"@id\":\"https:\/\/dynamicprojectadvisory.com\/french\/tenue-de-livre-compte\/#breadcrumb\"},\"inLanguage\":\"en-US\",\"potentialAction\":[{\"@type\":\"ReadAction\",\"target\":[\"https:\/\/dynamicprojectadvisory.com\/french\/tenue-de-livre-compte\/\"]}]},{\"@type\":\"ImageObject\",\"inLanguage\":\"en-US\",\"@id\":\"https:\/\/dynamicprojectadvisory.com\/french\/tenue-de-livre-compte\/#primaryimage\",\"url\":\"https:\/\/dynamicprojectadvisory.com\/wp-content\/uploads\/2017\/09\/inner_banner.jpg\",\"contentUrl\":\"https:\/\/dynamicprojectadvisory.com\/wp-content\/uploads\/2017\/09\/inner_banner.jpg\"},{\"@type\":\"BreadcrumbList\",\"@id\":\"https:\/\/dynamicprojectadvisory.com\/french\/tenue-de-livre-compte\/#breadcrumb\",\"itemListElement\":[{\"@type\":\"ListItem\",\"position\":1,\"name\":\"Home\",\"item\":\"https:\/\/dynamicprojectadvisory.com\/french\/\"},{\"@type\":\"ListItem\",\"position\":2,\"name\":\"Tenue De Livre Compte\"}]},{\"@type\":\"WebSite\",\"@id\":\"https:\/\/dynamicprojectadvisory.com\/french\/#website\",\"url\":\"https:\/\/dynamicprojectadvisory.com\/french\/\",\"name\":\"Dynamic Project Advisory\",\"description\":\"\",\"potentialAction\":[{\"@type\":\"SearchAction\",\"target\":{\"@type\":\"EntryPoint\",\"urlTemplate\":\"https:\/\/dynamicprojectadvisory.com\/french\/?s={search_term_string}\"},\"query-input\":{\"@type\":\"PropertyValueSpecification\",\"valueRequired\":true,\"valueName\":\"search_term_string\"}}],\"inLanguage\":\"en-US\"}]}<\/script>\n<!-- \/ Yoast SEO plugin. -->","yoast_head_json":{"title":"Tenue De Livres Londres, Oxford Circus | Dynamic Project Advisory Ltd","description":"\u00cates-vous \u00e0 la recherche d'un service de comptabilit\u00e9 de Londres et d'Oxford Circus, Dynamic Project Advisory fournit des services de comptabilit\u00e9 de confiance \u00e0 un prix raisonnable.","robots":{"index":"index","follow":"follow","max-snippet":"max-snippet:-1","max-image-preview":"max-image-preview:large","max-video-preview":"max-video-preview:-1"},"canonical":"https:\/\/dynamicprojectadvisory.com\/french\/tenue-de-livre-compte\/","og_locale":"en_US","og_type":"article","og_title":"Tenue De Livres Londres, Oxford Circus | Dynamic Project Advisory Ltd","og_description":"\u00cates-vous \u00e0 la recherche d'un service de comptabilit\u00e9 de Londres et d'Oxford Circus, Dynamic Project Advisory fournit des services de comptabilit\u00e9 de confiance \u00e0 un prix raisonnable.","og_url":"https:\/\/dynamicprojectadvisory.com\/french\/tenue-de-livre-compte\/","og_site_name":"Dynamic Project Advisory","article_modified_time":"2020-08-03T04:08:35+00:00","og_image":[{"url":"https:\/\/dynamicprojectadvisory.com\/wp-content\/uploads\/2017\/09\/inner_banner.jpg"}],"twitter_card":"summary_large_image","twitter_misc":{"Est. reading time":"2 minutes"},"schema":{"@context":"https:\/\/schema.org","@graph":[{"@type":"WebPage","@id":"https:\/\/dynamicprojectadvisory.com\/french\/tenue-de-livre-compte\/","url":"https:\/\/dynamicprojectadvisory.com\/french\/tenue-de-livre-compte\/","name":"Tenue De Livres Londres, Oxford Circus | Dynamic Project Advisory Ltd","isPartOf":{"@id":"https:\/\/dynamicprojectadvisory.com\/french\/#website"},"primaryImageOfPage":{"@id":"https:\/\/dynamicprojectadvisory.com\/french\/tenue-de-livre-compte\/#primaryimage"},"image":{"@id":"https:\/\/dynamicprojectadvisory.com\/french\/tenue-de-livre-compte\/#primaryimage"},"thumbnailUrl":"https:\/\/dynamicprojectadvisory.com\/wp-content\/uploads\/2017\/09\/inner_banner.jpg","datePublished":"2018-10-02T03:57:35+00:00","dateModified":"2020-08-03T04:08:35+00:00","description":"\u00cates-vous \u00e0 la recherche d'un service de comptabilit\u00e9 de Londres et d'Oxford Circus, Dynamic Project Advisory fournit des services de comptabilit\u00e9 de confiance \u00e0 un prix raisonnable.","breadcrumb":{"@id":"https:\/\/dynamicprojectadvisory.com\/french\/tenue-de-livre-compte\/#breadcrumb"},"inLanguage":"en-US","potentialAction":[{"@type":"ReadAction","target":["https:\/\/dynamicprojectadvisory.com\/french\/tenue-de-livre-compte\/"]}]},{"@type":"ImageObject","inLanguage":"en-US","@id":"https:\/\/dynamicprojectadvisory.com\/french\/tenue-de-livre-compte\/#primaryimage","url":"https:\/\/dynamicprojectadvisory.com\/wp-content\/uploads\/2017\/09\/inner_banner.jpg","contentUrl":"https:\/\/dynamicprojectadvisory.com\/wp-content\/uploads\/2017\/09\/inner_banner.jpg"},{"@type":"BreadcrumbList","@id":"https:\/\/dynamicprojectadvisory.com\/french\/tenue-de-livre-compte\/#breadcrumb","itemListElement":[{"@type":"ListItem","position":1,"name":"Home","item":"https:\/\/dynamicprojectadvisory.com\/french\/"},{"@type":"ListItem","position":2,"name":"Tenue De Livre Compte"}]},{"@type":"WebSite","@id":"https:\/\/dynamicprojectadvisory.com\/french\/#website","url":"https:\/\/dynamicprojectadvisory.com\/french\/","name":"Dynamic Project Advisory","description":"","potentialAction":[{"@type":"SearchAction","target":{"@type":"EntryPoint","urlTemplate":"https:\/\/dynamicprojectadvisory.com\/french\/?s={search_term_string}"},"query-input":{"@type":"PropertyValueSpecification","valueRequired":true,"valueName":"search_term_string"}}],"inLanguage":"en-US"}]}},"_links":{"self":[{"href":"https:\/\/dynamicprojectadvisory.com\/french\/wp-json\/wp\/v2\/pages\/84"}],"collection":[{"href":"https:\/\/dynamicprojectadvisory.com\/french\/wp-json\/wp\/v2\/pages"}],"about":[{"href":"https:\/\/dynamicprojectadvisory.com\/french\/wp-json\/wp\/v2\/types\/page"}],"author":[{"embeddable":true,"href":"https:\/\/dynamicprojectadvisory.com\/french\/wp-json\/wp\/v2\/users\/1"}],"replies":[{"embeddable":true,"href":"https:\/\/dynamicprojectadvisory.com\/french\/wp-json\/wp\/v2\/comments?post=84"}],"version-history":[{"count":3,"href":"https:\/\/dynamicprojectadvisory.com\/french\/wp-json\/wp\/v2\/pages\/84\/revisions"}],"predecessor-version":[{"id":87,"href":"https:\/\/dynamicprojectadvisory.com\/french\/wp-json\/wp\/v2\/pages\/84\/revisions\/87"}],"wp:attachment":[{"href":"https:\/\/dynamicprojectadvisory.com\/french\/wp-json\/wp\/v2\/media?parent=84"}],"curies":[{"name":"wp","href":"https:\/\/api.w.org\/{rel}","templated":true}]}}