{"id":89,"date":"2018-10-02T04:13:33","date_gmt":"2018-10-02T04:13:33","guid":{"rendered":"https:\/\/dynamicprojectadvisory.com\/french\/?page_id=89"},"modified":"2020-08-03T04:22:30","modified_gmt":"2020-08-03T04:22:30","slug":"retour-de-tva","status":"publish","type":"page","link":"https:\/\/dynamicprojectadvisory.com\/french\/retour-de-tva\/","title":{"rendered":"Retour De TVA"},"content":{"rendered":"<p class=\"inner_banner\"><img loading=\"lazy\" decoding=\"async\" class=\"alignnone\" src=\"https:\/\/dynamicprojectadvisory.com\/wp-content\/uploads\/2017\/09\/inner_banner.jpg\" alt=\"Retour De TVA\" width=\"1366\" height=\"326\" \/><\/p>\n<style>\n.service_new_page_content {<br \/>\tcolor: #000;<br \/>\tfont-family: \"Open Sans\", sans-serif;<br \/>\tfont-size: 15px;<br \/>\tmargin-top: 15px;<br \/>\ttext-align: justify;<br \/>}<br \/>.service_new_page_bottom {<br \/>\tbackground: #ECECEC;<br \/>\tpadding: 50px 0 60px;<br \/>\tmargin-top: 50px;<br \/>}<br \/>#post-98 {<br \/>\tmargin-bottom: 0px !important;<br \/>}<br \/>.service_new_list ul {<br \/>\tpadding: 0;<br \/>\tmargin: 0;<br \/>}<br \/>.service_new_list ul li {<br \/>\tposition: relative;<br \/>\tpadding-left: 24px;<br \/>\tcolor: #000;<br \/>\tfont-family: \"Open Sans\", sans-serif;<br \/>\tfont-size: 15px;<br \/>\tlist-style: none;<br \/>        margin-bottom: 4px;<br \/>}<br \/>.service_new_list ul li:before {<br \/>\tposition: absolute;<br \/>\tcolor: #60be46;<br \/>\tfont-family: 'FontAwesome';<br \/>\tcontent: \"\\f058\";<br \/>\ttop: 0;<br \/>\tleft: 0;<br \/>        font-size: 17px;<br \/>}<br \/><\/style>\n<div class=\"container\">\n<div class=\"row\">\n<div class=\"col-md-7 col-sm-6\">\n<h1 class=\"service_page_heading\">Retour De Tva Londres Par Un Expert Professionnel<\/h1>\n<div class=\"service_new_page_content\">\n<p>La taxe sur la valeur ajout\u00e9e (TVA) est appliqu\u00e9e \u00e0 toutes les activit\u00e9s impliqu\u00e9es dans la production et la fourniture de services et de biens. Ces retours impliquent normalement le paiement d\u00fb et apr\u00e8s d\u00e9duction de la TVA \u00e0 l&#8217;achat de la TVA factur\u00e9e sur le prix de vente.<\/p>\n<p>C&#8217;est un travail fastidieux et monotone que les entreprises doivent g\u00e9rer seules. Pour vous aider \u00e0 \u00e9conomiser votre argent, votre temps et vos efforts, Dynamic Project Advisory vous enverra le Vat Return London termin\u00e9 rapidement et dans les d\u00e9lais impartis.<\/p>\n<p>Tout ce que vous avez \u00e0 faire, envoyez-nous vos documents sources et recevez que notre consultant fiscal exp\u00e9riment\u00e9 \u00e0 Londres commencera \u00e0 travailler votre TVA Return London.<\/p>\n<p>Avoir une grande exp\u00e9rience dans l&#8217;ex\u00e9cution de Vat Return London et ses calculs pour nos clients; nous pr\u00e9sentons Vat Return \u00e0 Londres qui sont efficaces et comp\u00e9tents.<\/p>\n<\/div>\n<\/div>\n<div class=\"col-md-5 col-sm-6 service_page_image\"><img loading=\"lazy\" decoding=\"async\" class=\"alignnone\" src=\"https:\/\/dynamicprojectadvisory.com\/wp-content\/uploads\/2018\/10\/vat_image1.jpg\" alt=\"Retour De TVA\" width=\"600\" height=\"400\" \/><\/div>\n<\/div>\n<\/div>\n<div class=\"service_new_page_bottom\">\n<div class=\"container\">\n<div class=\"row\">\n<div class=\"col-md-5 col-sm-6 service_page_image\"><img decoding=\"async\" src=\"https:\/\/dynamicprojectadvisory.com\/wp-content\/uploads\/2018\/10\/vat_image2.jpg\" alt=\"VAT Return UK\" \/><\/div>\n<div class=\"col-md-7 col-sm-6\">\n<h2 class=\"service_page_heading\">Nos services de retour de TVA \u00e0 Londres pour soutenir votre entreprise:<\/h2>\n<div class=\"service_new_page_content\">\n<p>La majorit\u00e9 des entreprises doivent produire leur imp\u00f4t trimestriel \u00e0 temps. Le traitement n\u00e9cessite une planification minutieuse, principalement pour \u00e9viter de payer trop cher et de sous-payer. De plus, il y a une l\u00e9gislation en constante \u00e9volution \u00e0 consid\u00e9rer.<\/p>\n<p>Nos experts de Dynamic Project Advisory vous tiendront au courant de l&#8217;ensemble du processus de retour de la TVA \u00e0 Londres. Ils connaissent toute la l\u00e9gislation fiscale actuelle et se feront un plaisir de faire la t\u00e2che ou de r\u00e9pondre \u00e0 vos questions.<\/p>\n<\/div>\n<h2 class=\"service_page_heading\">Comment nous traitons votre retour de TVA \u00e0 Londres:<\/h2>\n<div class=\"service_new_page_content\" style=\"margin-bottom: 20px;\">Pour traiter votre retour de TVA \u00e0 Londres:<\/div>\n<div class=\"service_new_list\">\n<ul>\n<li>Nous recevons tous les documents relatifs aux revenus via notre FTP s\u00e9curis\u00e9 pour traiter votre retour de TVA Oxford Circus.<\/li>\n<li>Tous ces documents de revenus sont correctement num\u00e9ris\u00e9s en images, et une fois que cela est fait; Nos experts fiables en mati\u00e8re de retour de TVA \u00e0 Londres traitent les paiements, les achats, les re\u00e7us et les ventes de nos clients pendant toute la p\u00e9riode de TVA.<\/li>\n<li>Nos experts assureront ensuite les charges \u00e0 grande \u00e9chelle partout o\u00f9 cela est n\u00e9cessaire et pertinent.<\/li>\n<li>Ils sont \u00e9galement tr\u00e8s comp\u00e9tents dans la gestion de la comptabilit\u00e9 standard et de la comptabilit\u00e9 de caisse, et sur demande, se feront un plaisir de faire les deux pour vous selon vos besoins.<\/li>\n<li>Apr\u00e8s avoir pr\u00e9par\u00e9 Vat Return King&#8217;s cross St Pancras, Londres pour des programmes sp\u00e9cifiques, nous envoyons les informations mises \u00e0 jour dans le format dont vous avez besoin. Si n\u00e9cessaire, nos professionnels mettront \u00e9galement \u00e0 jour les donn\u00e9es de votre logiciel financier et comptable pr\u00e9f\u00e9r\u00e9.<\/li>\n<\/ul>\n<\/div>\n<div class=\"service_new_page_content\">Parlez \u00e0 nos experts en remboursement de TVA \u00e0 Londres. Nous r\u00e9glerons tous vos probl\u00e8mes Vat Return London.<\/div>\n<\/div>\n<\/div>\n<\/div>\n<\/div>\n","protected":false},"excerpt":{"rendered":"<p>Retour De Tva Londres Par Un Expert Professionnel La taxe sur la valeur ajout\u00e9e (TVA) est appliqu\u00e9e \u00e0 toutes les activit\u00e9s impliqu\u00e9es dans la production et la fourniture de services et de biens. Ces retours impliquent normalement le paiement d\u00fb et apr\u00e8s d\u00e9duction de la TVA \u00e0 l&#8217;achat de la TVA factur\u00e9e sur le prix &hellip; <a href=\"https:\/\/dynamicprojectadvisory.com\/french\/retour-de-tva\/\" class=\"more-link\">Continue reading <span class=\"screen-reader-text\">Retour De TVA<\/span> <span class=\"meta-nav\">&rarr;<\/span><\/a><\/p>\n","protected":false},"author":1,"featured_media":0,"parent":0,"menu_order":0,"comment_status":"closed","ping_status":"closed","template":"page-templates\/full-width.php","meta":{"footnotes":""},"yoast_head":"<!-- This site is optimized with the Yoast SEO plugin v23.5 - https:\/\/yoast.com\/wordpress\/plugins\/seo\/ -->\n<title>Vat Return Londres, Liverpool Street, King&#039;s cross St Pancras, Par Des Experts | Dynamic Project Advisory Ltd<\/title>\n<meta name=\"description\" content=\"Nous fournissons Vat Return London. Nous vous aidons \u00e9galement \u00e0 g\u00e9rer votre service de d\u00e9claration de TVA mensuel, trimestriel ou annuel \u00e0 Liverpool Street, King&#039;s cross St Pancras, Oxford Circus, Londres selon vos besoins.\" \/>\n<meta name=\"robots\" content=\"index, follow, max-snippet:-1, max-image-preview:large, max-video-preview:-1\" \/>\n<link rel=\"canonical\" href=\"https:\/\/dynamicprojectadvisory.com\/french\/retour-de-tva\/\" \/>\n<meta property=\"og:locale\" content=\"en_US\" \/>\n<meta property=\"og:type\" content=\"article\" \/>\n<meta property=\"og:title\" content=\"Vat Return Londres, Liverpool Street, King&#039;s cross St Pancras, Par Des Experts | Dynamic Project Advisory Ltd\" \/>\n<meta property=\"og:description\" content=\"Nous fournissons Vat Return London. Nous vous aidons \u00e9galement \u00e0 g\u00e9rer votre service de d\u00e9claration de TVA mensuel, trimestriel ou annuel \u00e0 Liverpool Street, King&#039;s cross St Pancras, Oxford Circus, Londres selon vos besoins.\" \/>\n<meta property=\"og:url\" content=\"https:\/\/dynamicprojectadvisory.com\/french\/retour-de-tva\/\" \/>\n<meta property=\"og:site_name\" content=\"Dynamic Project Advisory\" \/>\n<meta property=\"article:modified_time\" content=\"2020-08-03T04:22:30+00:00\" \/>\n<meta property=\"og:image\" content=\"https:\/\/dynamicprojectadvisory.com\/wp-content\/uploads\/2017\/09\/inner_banner.jpg\" \/>\n<meta name=\"twitter:card\" content=\"summary_large_image\" \/>\n<meta name=\"twitter:label1\" content=\"Est. reading time\" \/>\n\t<meta name=\"twitter:data1\" content=\"2 minutes\" \/>\n<script type=\"application\/ld+json\" class=\"yoast-schema-graph\">{\"@context\":\"https:\/\/schema.org\",\"@graph\":[{\"@type\":\"WebPage\",\"@id\":\"https:\/\/dynamicprojectadvisory.com\/french\/retour-de-tva\/\",\"url\":\"https:\/\/dynamicprojectadvisory.com\/french\/retour-de-tva\/\",\"name\":\"Vat Return Londres, Liverpool Street, King's cross St Pancras, Par Des Experts | Dynamic Project Advisory Ltd\",\"isPartOf\":{\"@id\":\"https:\/\/dynamicprojectadvisory.com\/french\/#website\"},\"primaryImageOfPage\":{\"@id\":\"https:\/\/dynamicprojectadvisory.com\/french\/retour-de-tva\/#primaryimage\"},\"image\":{\"@id\":\"https:\/\/dynamicprojectadvisory.com\/french\/retour-de-tva\/#primaryimage\"},\"thumbnailUrl\":\"https:\/\/dynamicprojectadvisory.com\/wp-content\/uploads\/2017\/09\/inner_banner.jpg\",\"datePublished\":\"2018-10-02T04:13:33+00:00\",\"dateModified\":\"2020-08-03T04:22:30+00:00\",\"description\":\"Nous fournissons Vat Return London. Nous vous aidons \u00e9galement \u00e0 g\u00e9rer votre service de d\u00e9claration de TVA mensuel, trimestriel ou annuel \u00e0 Liverpool Street, King's cross St Pancras, Oxford Circus, Londres selon vos besoins.\",\"breadcrumb\":{\"@id\":\"https:\/\/dynamicprojectadvisory.com\/french\/retour-de-tva\/#breadcrumb\"},\"inLanguage\":\"en-US\",\"potentialAction\":[{\"@type\":\"ReadAction\",\"target\":[\"https:\/\/dynamicprojectadvisory.com\/french\/retour-de-tva\/\"]}]},{\"@type\":\"ImageObject\",\"inLanguage\":\"en-US\",\"@id\":\"https:\/\/dynamicprojectadvisory.com\/french\/retour-de-tva\/#primaryimage\",\"url\":\"https:\/\/dynamicprojectadvisory.com\/wp-content\/uploads\/2017\/09\/inner_banner.jpg\",\"contentUrl\":\"https:\/\/dynamicprojectadvisory.com\/wp-content\/uploads\/2017\/09\/inner_banner.jpg\"},{\"@type\":\"BreadcrumbList\",\"@id\":\"https:\/\/dynamicprojectadvisory.com\/french\/retour-de-tva\/#breadcrumb\",\"itemListElement\":[{\"@type\":\"ListItem\",\"position\":1,\"name\":\"Home\",\"item\":\"https:\/\/dynamicprojectadvisory.com\/french\/\"},{\"@type\":\"ListItem\",\"position\":2,\"name\":\"Retour De TVA\"}]},{\"@type\":\"WebSite\",\"@id\":\"https:\/\/dynamicprojectadvisory.com\/french\/#website\",\"url\":\"https:\/\/dynamicprojectadvisory.com\/french\/\",\"name\":\"Dynamic Project Advisory\",\"description\":\"\",\"potentialAction\":[{\"@type\":\"SearchAction\",\"target\":{\"@type\":\"EntryPoint\",\"urlTemplate\":\"https:\/\/dynamicprojectadvisory.com\/french\/?s={search_term_string}\"},\"query-input\":{\"@type\":\"PropertyValueSpecification\",\"valueRequired\":true,\"valueName\":\"search_term_string\"}}],\"inLanguage\":\"en-US\"}]}<\/script>\n<!-- \/ Yoast SEO plugin. -->","yoast_head_json":{"title":"Vat Return Londres, Liverpool Street, King's cross St Pancras, Par Des Experts | Dynamic Project Advisory Ltd","description":"Nous fournissons Vat Return London. Nous vous aidons \u00e9galement \u00e0 g\u00e9rer votre service de d\u00e9claration de TVA mensuel, trimestriel ou annuel \u00e0 Liverpool Street, King's cross St Pancras, Oxford Circus, Londres selon vos besoins.","robots":{"index":"index","follow":"follow","max-snippet":"max-snippet:-1","max-image-preview":"max-image-preview:large","max-video-preview":"max-video-preview:-1"},"canonical":"https:\/\/dynamicprojectadvisory.com\/french\/retour-de-tva\/","og_locale":"en_US","og_type":"article","og_title":"Vat Return Londres, Liverpool Street, King's cross St Pancras, Par Des Experts | Dynamic Project Advisory Ltd","og_description":"Nous fournissons Vat Return London. Nous vous aidons \u00e9galement \u00e0 g\u00e9rer votre service de d\u00e9claration de TVA mensuel, trimestriel ou annuel \u00e0 Liverpool Street, King's cross St Pancras, Oxford Circus, Londres selon vos besoins.","og_url":"https:\/\/dynamicprojectadvisory.com\/french\/retour-de-tva\/","og_site_name":"Dynamic Project Advisory","article_modified_time":"2020-08-03T04:22:30+00:00","og_image":[{"url":"https:\/\/dynamicprojectadvisory.com\/wp-content\/uploads\/2017\/09\/inner_banner.jpg"}],"twitter_card":"summary_large_image","twitter_misc":{"Est. reading time":"2 minutes"},"schema":{"@context":"https:\/\/schema.org","@graph":[{"@type":"WebPage","@id":"https:\/\/dynamicprojectadvisory.com\/french\/retour-de-tva\/","url":"https:\/\/dynamicprojectadvisory.com\/french\/retour-de-tva\/","name":"Vat Return Londres, Liverpool Street, King's cross St Pancras, Par Des Experts | Dynamic Project Advisory Ltd","isPartOf":{"@id":"https:\/\/dynamicprojectadvisory.com\/french\/#website"},"primaryImageOfPage":{"@id":"https:\/\/dynamicprojectadvisory.com\/french\/retour-de-tva\/#primaryimage"},"image":{"@id":"https:\/\/dynamicprojectadvisory.com\/french\/retour-de-tva\/#primaryimage"},"thumbnailUrl":"https:\/\/dynamicprojectadvisory.com\/wp-content\/uploads\/2017\/09\/inner_banner.jpg","datePublished":"2018-10-02T04:13:33+00:00","dateModified":"2020-08-03T04:22:30+00:00","description":"Nous fournissons Vat Return London. Nous vous aidons \u00e9galement \u00e0 g\u00e9rer votre service de d\u00e9claration de TVA mensuel, trimestriel ou annuel \u00e0 Liverpool Street, King's cross St Pancras, Oxford Circus, Londres selon vos besoins.","breadcrumb":{"@id":"https:\/\/dynamicprojectadvisory.com\/french\/retour-de-tva\/#breadcrumb"},"inLanguage":"en-US","potentialAction":[{"@type":"ReadAction","target":["https:\/\/dynamicprojectadvisory.com\/french\/retour-de-tva\/"]}]},{"@type":"ImageObject","inLanguage":"en-US","@id":"https:\/\/dynamicprojectadvisory.com\/french\/retour-de-tva\/#primaryimage","url":"https:\/\/dynamicprojectadvisory.com\/wp-content\/uploads\/2017\/09\/inner_banner.jpg","contentUrl":"https:\/\/dynamicprojectadvisory.com\/wp-content\/uploads\/2017\/09\/inner_banner.jpg"},{"@type":"BreadcrumbList","@id":"https:\/\/dynamicprojectadvisory.com\/french\/retour-de-tva\/#breadcrumb","itemListElement":[{"@type":"ListItem","position":1,"name":"Home","item":"https:\/\/dynamicprojectadvisory.com\/french\/"},{"@type":"ListItem","position":2,"name":"Retour De TVA"}]},{"@type":"WebSite","@id":"https:\/\/dynamicprojectadvisory.com\/french\/#website","url":"https:\/\/dynamicprojectadvisory.com\/french\/","name":"Dynamic Project Advisory","description":"","potentialAction":[{"@type":"SearchAction","target":{"@type":"EntryPoint","urlTemplate":"https:\/\/dynamicprojectadvisory.com\/french\/?s={search_term_string}"},"query-input":{"@type":"PropertyValueSpecification","valueRequired":true,"valueName":"search_term_string"}}],"inLanguage":"en-US"}]}},"_links":{"self":[{"href":"https:\/\/dynamicprojectadvisory.com\/french\/wp-json\/wp\/v2\/pages\/89"}],"collection":[{"href":"https:\/\/dynamicprojectadvisory.com\/french\/wp-json\/wp\/v2\/pages"}],"about":[{"href":"https:\/\/dynamicprojectadvisory.com\/french\/wp-json\/wp\/v2\/types\/page"}],"author":[{"embeddable":true,"href":"https:\/\/dynamicprojectadvisory.com\/french\/wp-json\/wp\/v2\/users\/1"}],"replies":[{"embeddable":true,"href":"https:\/\/dynamicprojectadvisory.com\/french\/wp-json\/wp\/v2\/comments?post=89"}],"version-history":[{"count":3,"href":"https:\/\/dynamicprojectadvisory.com\/french\/wp-json\/wp\/v2\/pages\/89\/revisions"}],"predecessor-version":[{"id":92,"href":"https:\/\/dynamicprojectadvisory.com\/french\/wp-json\/wp\/v2\/pages\/89\/revisions\/92"}],"wp:attachment":[{"href":"https:\/\/dynamicprojectadvisory.com\/french\/wp-json\/wp\/v2\/media?parent=89"}],"curies":[{"name":"wp","href":"https:\/\/api.w.org\/{rel}","templated":true}]}}