{"id":94,"date":"2018-10-02T04:26:20","date_gmt":"2018-10-02T04:26:20","guid":{"rendered":"https:\/\/dynamicprojectadvisory.com\/french\/?page_id=94"},"modified":"2020-08-03T05:18:10","modified_gmt":"2020-08-03T05:18:10","slug":"consultation-fiscale","status":"publish","type":"page","link":"https:\/\/dynamicprojectadvisory.com\/french\/consultation-fiscale\/","title":{"rendered":"Consultation Fiscale"},"content":{"rendered":"<div class=\"inner_banner\"><img loading=\"lazy\" decoding=\"async\" class=\"alignnone\" src=\"https:\/\/dynamicprojectadvisory.com\/wp-content\/uploads\/2017\/09\/inner_banner.jpg\" alt=\"Consultation Fiscale\" width=\"1366\" height=\"326\" \/><\/div>\n<style>\n.service_new_page_content {<br \/>\tcolor: #000;<br \/>\tfont-family: \"Open Sans\", sans-serif;<br \/>\tfont-size: 15px;<br \/>\tmargin-top: 15px;<br \/>\ttext-align: justify;<br \/>}<br \/>.service_new_page_bottom {<br \/>\tbackground: #ECECEC;<br \/>\tpadding: 50px 0 40px;<br \/>\tmargin-top: 50px;<br \/>}<br \/>#post-106 {<br \/>\tmargin-bottom: 0px !important;<br \/>}<br \/>.service_new_list ul {<br \/>\tpadding: 0;<br \/>\tmargin: 0;<br \/>}<br \/>.service_new_list ul li {<br \/>\tposition: relative;<br \/>\tpadding-left: 24px;<br \/>\tcolor: #000;<br \/>\tfont-family: \"Open Sans\", sans-serif;<br \/>\tfont-size: 15px;<br \/>\tlist-style: none;<br \/>        margin-bottom: 4px;<br \/>}<br \/>.service_new_list ul li:before {<br \/>\tposition: absolute;<br \/>\tcolor: #60be46;<br \/>\tfont-family: 'FontAwesome';<br \/>\tcontent: \"\\f058\";<br \/>\ttop: 0;<br \/>\tleft: 0;<br \/>        font-size: 17px;<br \/>}<br \/><\/style>\n<div class=\"container\">\n<div class=\"row\">\n<div class=\"col-md-7 col-sm-6\">\n<h1 class=\"service_page_heading\">Consultant fiscal fiable Londres<\/h1>\n<div class=\"service_new_page_content\">\n<p>Vous manquez de confiance quant \u00e0 la p\u00e9riode d&#8217;imposition annuelle? Ou n&#8217;\u00eates-vous pas au courant de l&#8217;\u00e9volution des lois fiscales? Soyez pr\u00eat \u00e0 surmonter la complexit\u00e9 des calculs fiscaux annuels \u00e0 Londres avec Dynamic Project Advisory.<\/p>\n<p>Nous avons une \u00e9quipe comp\u00e9tente de conseillers fiscaux proactifs \u00e0 Londres qui cr\u00e9eront une strat\u00e9gie fiscale parfaite pour votre entreprise et vous aideront \u00e0 les ex\u00e9cuter. Nous proposons \u00e9galement un examen complet en tenant compte de la structure de votre entreprise, ce qui contribue finalement \u00e0 \u00e9conomiser de l&#8217;imp\u00f4t \u00e0 la fin de l&#8217;ann\u00e9e.<\/p>\n<\/div>\n<h2 class=\"service_page_heading\" style=\"margin-bottom: 15px;\">Comment Nos Conseillers Fiscaux Aident-ils?<\/h2>\n<div class=\"service_new_list\">\n<ul>\n<li>Nous optimisons la position fiscale de votre entreprise.<\/li>\n<li>Nous aidons \u00e0 r\u00e9duire la dette fiscale.<\/li>\n<li>Nous nous assurons que la production de la d\u00e9claration de revenus se fait dans les d\u00e9lais afin que vous puissiez \u00e9viter les p\u00e9nalit\u00e9s de retard.<\/li>\n<li>Nous veillons \u00e0 ce que nos clients n&#8217;aient pas \u00e0 faire face \u00e0 des pertes fiscales ou \u00e0 des probl\u00e8mes de report.<\/li>\n<li>Nous vous assurons que la croissance de votre entreprise n&#8217;est pas compromise en raison de complications fiscales.<\/li>\n<\/ul>\n<\/div>\n<\/div>\n<div class=\"col-md-5 col-sm-6 service_page_image\"><img loading=\"lazy\" decoding=\"async\" class=\"alignnone\" src=\"https:\/\/dynamicprojectadvisory.com\/wp-content\/uploads\/2018\/10\/tax_page_img1.jpg\" alt=\"Consultation Fiscale\" width=\"600\" height=\"400\" \/><\/div>\n<\/div>\n<\/div>\n<div class=\"service_new_page_bottom\">\n<div class=\"container\">\n<div class=\"row\">\n<div class=\"col-md-5 col-sm-6 service_page_image\"><img loading=\"lazy\" decoding=\"async\" class=\"alignnone\" src=\"https:\/\/dynamicprojectadvisory.com\/wp-content\/uploads\/2018\/10\/tax_page_img2.jpg\" alt=\"Consultation Fiscale\" width=\"600\" height=\"400\" \/><\/div>\n<div class=\"col-md-7 col-sm-6\">\n<h2 class=\"service_page_heading\">Excellent Service Client<\/h2>\n<div class=\"service_new_page_content\">Nos consultants qualifi\u00e9s vous aident \u00e0 comprendre les complications des lois fiscales britanniques et vous offrent de pr\u00e9cieux conseils. Nous sommes fiers de nous tenir au courant des lois et r\u00e8glements fiscaux en constante \u00e9volution. Nos experts prennent la pression sur eux et vous permettent de vous concentrer sur d&#8217;autres questions financi\u00e8res autres que la fiscalit\u00e9.<\/div>\n<h2 class=\"service_page_heading\">Des Solutions Sur Mesure Pour Chaque Entreprise<\/h2>\n<div class=\"service_new_page_content\">\n<p>Nous vous garantissons la confidentialit\u00e9 totale de votre gestion financi\u00e8re. Avec 15 ans d&#8217;exp\u00e9rience dans le domaine, nous avons rassembl\u00e9 toutes sortes de connaissances qui peuvent surgir, et c&#8217;est pourquoi nous pouvons offrir des solutions pratiques ponctuelles.<\/p>\n<p>Pour des solutions personnalis\u00e9es, contactez nos experts et engagez-nous \u00e0 l\u2019avance pour vous \u00e9viter le cauchemar appel\u00e9 &#8220;TAXE&#8221;!<\/p>\n<p><a href=\"https:\/\/dynamicprojectadvisory.com\/french\/nous-contacter\/\"><strong>Contactez-nous<\/strong><\/a> aujourd&#8217;hui<strong>.<\/strong><\/p>\n<\/div>\n<\/div>\n<\/div>\n<\/div>\n<\/div>\n","protected":false},"excerpt":{"rendered":"<p>Consultant fiscal fiable Londres Vous manquez de confiance quant \u00e0 la p\u00e9riode d&#8217;imposition annuelle? Ou n&#8217;\u00eates-vous pas au courant de l&#8217;\u00e9volution des lois fiscales? Soyez pr\u00eat \u00e0 surmonter la complexit\u00e9 des calculs fiscaux annuels \u00e0 Londres avec Dynamic Project Advisory. Nous avons une \u00e9quipe comp\u00e9tente de conseillers fiscaux proactifs \u00e0 Londres qui cr\u00e9eront une strat\u00e9gie &hellip; <a href=\"https:\/\/dynamicprojectadvisory.com\/french\/consultation-fiscale\/\" class=\"more-link\">Continue reading <span class=\"screen-reader-text\">Consultation Fiscale<\/span> <span class=\"meta-nav\">&rarr;<\/span><\/a><\/p>\n","protected":false},"author":1,"featured_media":0,"parent":0,"menu_order":0,"comment_status":"closed","ping_status":"closed","template":"page-templates\/full-width.php","meta":{"footnotes":""},"yoast_head":"<!-- This site is optimized with the Yoast SEO plugin v23.5 - https:\/\/yoast.com\/wordpress\/plugins\/seo\/ -->\n<title>Conseiller fiscal accr\u00e9dit\u00e9 Londres | Dynamic Project Advisory Ltd<\/title>\n<meta name=\"description\" content=\"Nous sommes un conseiller fiscal fiable \u00e0 Londres qui vous propose des demandes de renseignements fiscaux pour les particuliers ou les entreprises. Notre engagement \u00e0 long terme assure une aide aux r\u00e9sidents britanniques et non britanniques.\" \/>\n<meta name=\"robots\" content=\"index, follow, max-snippet:-1, max-image-preview:large, max-video-preview:-1\" \/>\n<link rel=\"canonical\" href=\"https:\/\/dynamicprojectadvisory.com\/french\/consultation-fiscale\/\" \/>\n<meta property=\"og:locale\" content=\"en_US\" \/>\n<meta property=\"og:type\" content=\"article\" \/>\n<meta property=\"og:title\" content=\"Conseiller fiscal accr\u00e9dit\u00e9 Londres | Dynamic Project Advisory Ltd\" \/>\n<meta property=\"og:description\" content=\"Nous sommes un conseiller fiscal fiable \u00e0 Londres qui vous propose des demandes de renseignements fiscaux pour les particuliers ou les entreprises. Notre engagement \u00e0 long terme assure une aide aux r\u00e9sidents britanniques et non britanniques.\" \/>\n<meta property=\"og:url\" content=\"https:\/\/dynamicprojectadvisory.com\/french\/consultation-fiscale\/\" \/>\n<meta property=\"og:site_name\" content=\"Dynamic Project Advisory\" \/>\n<meta property=\"article:modified_time\" content=\"2020-08-03T05:18:10+00:00\" \/>\n<meta property=\"og:image\" content=\"https:\/\/dynamicprojectadvisory.com\/wp-content\/uploads\/2017\/09\/inner_banner.jpg\" \/>\n<meta name=\"twitter:card\" content=\"summary_large_image\" \/>\n<meta name=\"twitter:label1\" content=\"Est. reading time\" \/>\n\t<meta name=\"twitter:data1\" content=\"2 minutes\" \/>\n<script type=\"application\/ld+json\" class=\"yoast-schema-graph\">{\"@context\":\"https:\/\/schema.org\",\"@graph\":[{\"@type\":\"WebPage\",\"@id\":\"https:\/\/dynamicprojectadvisory.com\/french\/consultation-fiscale\/\",\"url\":\"https:\/\/dynamicprojectadvisory.com\/french\/consultation-fiscale\/\",\"name\":\"Conseiller fiscal accr\u00e9dit\u00e9 Londres | Dynamic Project Advisory Ltd\",\"isPartOf\":{\"@id\":\"https:\/\/dynamicprojectadvisory.com\/french\/#website\"},\"primaryImageOfPage\":{\"@id\":\"https:\/\/dynamicprojectadvisory.com\/french\/consultation-fiscale\/#primaryimage\"},\"image\":{\"@id\":\"https:\/\/dynamicprojectadvisory.com\/french\/consultation-fiscale\/#primaryimage\"},\"thumbnailUrl\":\"https:\/\/dynamicprojectadvisory.com\/wp-content\/uploads\/2017\/09\/inner_banner.jpg\",\"datePublished\":\"2018-10-02T04:26:20+00:00\",\"dateModified\":\"2020-08-03T05:18:10+00:00\",\"description\":\"Nous sommes un conseiller fiscal fiable \u00e0 Londres qui vous propose des demandes de renseignements fiscaux pour les particuliers ou les entreprises. Notre engagement \u00e0 long terme assure une aide aux r\u00e9sidents britanniques et non britanniques.\",\"breadcrumb\":{\"@id\":\"https:\/\/dynamicprojectadvisory.com\/french\/consultation-fiscale\/#breadcrumb\"},\"inLanguage\":\"en-US\",\"potentialAction\":[{\"@type\":\"ReadAction\",\"target\":[\"https:\/\/dynamicprojectadvisory.com\/french\/consultation-fiscale\/\"]}]},{\"@type\":\"ImageObject\",\"inLanguage\":\"en-US\",\"@id\":\"https:\/\/dynamicprojectadvisory.com\/french\/consultation-fiscale\/#primaryimage\",\"url\":\"https:\/\/dynamicprojectadvisory.com\/wp-content\/uploads\/2017\/09\/inner_banner.jpg\",\"contentUrl\":\"https:\/\/dynamicprojectadvisory.com\/wp-content\/uploads\/2017\/09\/inner_banner.jpg\"},{\"@type\":\"BreadcrumbList\",\"@id\":\"https:\/\/dynamicprojectadvisory.com\/french\/consultation-fiscale\/#breadcrumb\",\"itemListElement\":[{\"@type\":\"ListItem\",\"position\":1,\"name\":\"Home\",\"item\":\"https:\/\/dynamicprojectadvisory.com\/french\/\"},{\"@type\":\"ListItem\",\"position\":2,\"name\":\"Consultation Fiscale\"}]},{\"@type\":\"WebSite\",\"@id\":\"https:\/\/dynamicprojectadvisory.com\/french\/#website\",\"url\":\"https:\/\/dynamicprojectadvisory.com\/french\/\",\"name\":\"Dynamic Project Advisory\",\"description\":\"\",\"potentialAction\":[{\"@type\":\"SearchAction\",\"target\":{\"@type\":\"EntryPoint\",\"urlTemplate\":\"https:\/\/dynamicprojectadvisory.com\/french\/?s={search_term_string}\"},\"query-input\":{\"@type\":\"PropertyValueSpecification\",\"valueRequired\":true,\"valueName\":\"search_term_string\"}}],\"inLanguage\":\"en-US\"}]}<\/script>\n<!-- \/ Yoast SEO plugin. -->","yoast_head_json":{"title":"Conseiller fiscal accr\u00e9dit\u00e9 Londres | Dynamic Project Advisory Ltd","description":"Nous sommes un conseiller fiscal fiable \u00e0 Londres qui vous propose des demandes de renseignements fiscaux pour les particuliers ou les entreprises. Notre engagement \u00e0 long terme assure une aide aux r\u00e9sidents britanniques et non britanniques.","robots":{"index":"index","follow":"follow","max-snippet":"max-snippet:-1","max-image-preview":"max-image-preview:large","max-video-preview":"max-video-preview:-1"},"canonical":"https:\/\/dynamicprojectadvisory.com\/french\/consultation-fiscale\/","og_locale":"en_US","og_type":"article","og_title":"Conseiller fiscal accr\u00e9dit\u00e9 Londres | Dynamic Project Advisory Ltd","og_description":"Nous sommes un conseiller fiscal fiable \u00e0 Londres qui vous propose des demandes de renseignements fiscaux pour les particuliers ou les entreprises. Notre engagement \u00e0 long terme assure une aide aux r\u00e9sidents britanniques et non britanniques.","og_url":"https:\/\/dynamicprojectadvisory.com\/french\/consultation-fiscale\/","og_site_name":"Dynamic Project Advisory","article_modified_time":"2020-08-03T05:18:10+00:00","og_image":[{"url":"https:\/\/dynamicprojectadvisory.com\/wp-content\/uploads\/2017\/09\/inner_banner.jpg"}],"twitter_card":"summary_large_image","twitter_misc":{"Est. reading time":"2 minutes"},"schema":{"@context":"https:\/\/schema.org","@graph":[{"@type":"WebPage","@id":"https:\/\/dynamicprojectadvisory.com\/french\/consultation-fiscale\/","url":"https:\/\/dynamicprojectadvisory.com\/french\/consultation-fiscale\/","name":"Conseiller fiscal accr\u00e9dit\u00e9 Londres | Dynamic Project Advisory Ltd","isPartOf":{"@id":"https:\/\/dynamicprojectadvisory.com\/french\/#website"},"primaryImageOfPage":{"@id":"https:\/\/dynamicprojectadvisory.com\/french\/consultation-fiscale\/#primaryimage"},"image":{"@id":"https:\/\/dynamicprojectadvisory.com\/french\/consultation-fiscale\/#primaryimage"},"thumbnailUrl":"https:\/\/dynamicprojectadvisory.com\/wp-content\/uploads\/2017\/09\/inner_banner.jpg","datePublished":"2018-10-02T04:26:20+00:00","dateModified":"2020-08-03T05:18:10+00:00","description":"Nous sommes un conseiller fiscal fiable \u00e0 Londres qui vous propose des demandes de renseignements fiscaux pour les particuliers ou les entreprises. Notre engagement \u00e0 long terme assure une aide aux r\u00e9sidents britanniques et non britanniques.","breadcrumb":{"@id":"https:\/\/dynamicprojectadvisory.com\/french\/consultation-fiscale\/#breadcrumb"},"inLanguage":"en-US","potentialAction":[{"@type":"ReadAction","target":["https:\/\/dynamicprojectadvisory.com\/french\/consultation-fiscale\/"]}]},{"@type":"ImageObject","inLanguage":"en-US","@id":"https:\/\/dynamicprojectadvisory.com\/french\/consultation-fiscale\/#primaryimage","url":"https:\/\/dynamicprojectadvisory.com\/wp-content\/uploads\/2017\/09\/inner_banner.jpg","contentUrl":"https:\/\/dynamicprojectadvisory.com\/wp-content\/uploads\/2017\/09\/inner_banner.jpg"},{"@type":"BreadcrumbList","@id":"https:\/\/dynamicprojectadvisory.com\/french\/consultation-fiscale\/#breadcrumb","itemListElement":[{"@type":"ListItem","position":1,"name":"Home","item":"https:\/\/dynamicprojectadvisory.com\/french\/"},{"@type":"ListItem","position":2,"name":"Consultation Fiscale"}]},{"@type":"WebSite","@id":"https:\/\/dynamicprojectadvisory.com\/french\/#website","url":"https:\/\/dynamicprojectadvisory.com\/french\/","name":"Dynamic Project Advisory","description":"","potentialAction":[{"@type":"SearchAction","target":{"@type":"EntryPoint","urlTemplate":"https:\/\/dynamicprojectadvisory.com\/french\/?s={search_term_string}"},"query-input":{"@type":"PropertyValueSpecification","valueRequired":true,"valueName":"search_term_string"}}],"inLanguage":"en-US"}]}},"_links":{"self":[{"href":"https:\/\/dynamicprojectadvisory.com\/french\/wp-json\/wp\/v2\/pages\/94"}],"collection":[{"href":"https:\/\/dynamicprojectadvisory.com\/french\/wp-json\/wp\/v2\/pages"}],"about":[{"href":"https:\/\/dynamicprojectadvisory.com\/french\/wp-json\/wp\/v2\/types\/page"}],"author":[{"embeddable":true,"href":"https:\/\/dynamicprojectadvisory.com\/french\/wp-json\/wp\/v2\/users\/1"}],"replies":[{"embeddable":true,"href":"https:\/\/dynamicprojectadvisory.com\/french\/wp-json\/wp\/v2\/comments?post=94"}],"version-history":[{"count":4,"href":"https:\/\/dynamicprojectadvisory.com\/french\/wp-json\/wp\/v2\/pages\/94\/revisions"}],"predecessor-version":[{"id":98,"href":"https:\/\/dynamicprojectadvisory.com\/french\/wp-json\/wp\/v2\/pages\/94\/revisions\/98"}],"wp:attachment":[{"href":"https:\/\/dynamicprojectadvisory.com\/french\/wp-json\/wp\/v2\/media?parent=94"}],"curies":[{"name":"wp","href":"https:\/\/api.w.org\/{rel}","templated":true}]}}